{"id":804,"date":"2024-03-18T11:05:45","date_gmt":"2024-03-18T16:05:45","guid":{"rendered":"http:\/\/guardian-insurance-lawrenceville.four.zysites.com\/instant-auto-quote-from-guardian-insurance\/"},"modified":"2024-03-18T11:06:23","modified_gmt":"2024-03-18T16:06:23","slug":"instant-auto-quote-from-guardian-insurance","status":"publish","type":"page","link":"https:\/\/www.myguardianinsurance.com\/es\/instant-auto-quote-from-guardian-insurance\/","title":{"rendered":"Cotizaci\u00f3n autom\u00e1tica instant\u00e1nea de Guardian Insurance"},"content":{"rendered":"<p><iframe data-src=\"https:\/\/afbc3b8f-acd7-40b2-887a-dec38dbbeb21.quotes.iwantinsurance.com\/welcome.aspx\" width=\"100%\" height=\"725px\" frameborder=\"0\" allowfullscreen=\"allowfullscreen\" src=\"data:image\/svg+xml;base64,PHN2ZyB3aWR0aD0iMSIgaGVpZ2h0PSIxIiB4bWxucz0iaHR0cDovL3d3dy53My5vcmcvMjAwMC9zdmciPjwvc3ZnPg==\" data-load-mode=\"1\"><span data-mce-type=\"bookmark\" style=\"display: inline-block; width: 0px; overflow: hidden; line-height: 0;\" class=\"mce_SELRES_start lazyload\">\ufeff<\/span><\/iframe><\/p>\n","protected":false},"excerpt":{"rendered":"<p>\ufeff<\/p>\n","protected":false},"author":35,"featured_media":0,"parent":0,"menu_order":0,"comment_status":"closed","ping_status":"closed","template":"","meta":{"_acf_changed":false,"_seopress_robots_primary_cat":"0","_seopress_titles_title":"","_seopress_titles_desc":"","_seopress_robots_index":"","_analytify_skip_tracking":false,"footnotes":""},"class_list":["post-804","page","type-page","status-publish","hentry"],"acf":[],"_links":{"self":[{"href":"https:\/\/www.myguardianinsurance.com\/es\/wp-json\/wp\/v2\/pages\/804","targetHints":{"allow":["GET"]}}],"collection":[{"href":"https:\/\/www.myguardianinsurance.com\/es\/wp-json\/wp\/v2\/pages"}],"about":[{"href":"https:\/\/www.myguardianinsurance.com\/es\/wp-json\/wp\/v2\/types\/page"}],"author":[{"embeddable":true,"href":"https:\/\/www.myguardianinsurance.com\/es\/wp-json\/wp\/v2\/users\/35"}],"replies":[{"embeddable":true,"href":"https:\/\/www.myguardianinsurance.com\/es\/wp-json\/wp\/v2\/comments?post=804"}],"version-history":[{"count":0,"href":"https:\/\/www.myguardianinsurance.com\/es\/wp-json\/wp\/v2\/pages\/804\/revisions"}],"wp:attachment":[{"href":"https:\/\/www.myguardianinsurance.com\/es\/wp-json\/wp\/v2\/media?parent=804"}],"curies":[{"name":"wp","href":"https:\/\/api.w.org\/{rel}","templated":true}]}}