{"id":767,"date":"2024-03-14T10:10:21","date_gmt":"2024-03-14T15:10:21","guid":{"rendered":"http:\/\/guardian-insurance-lawrenceville.four.zysites.com\/policy-service\/"},"modified":"2024-03-18T11:20:32","modified_gmt":"2024-03-18T16:20:32","slug":"policy-service","status":"publish","type":"page","link":"https:\/\/www.myguardianinsurance.com\/es\/policy-service\/","title":{"rendered":"Servicio de p\u00f3lizas"},"content":{"rendered":"<h2>Formularios de atenci\u00f3n al cliente disponibles<\/h2>\n<hr \/>\n<p>Servicio de autop\u00f3liza a cualquier hora del d\u00eda, directamente desde nuestra web. Para solicitar un cambio de pol\u00edtica en su cuenta, haga clic en cualquiera de las siguientes opciones de servicio de pol\u00edticas a continuaci\u00f3n.<\/p>\n<p>\u2022 <a href=\"\/es\/contact-us\/\">Agregar conductor a la p\u00f3liza de autom\u00f3vil existente<\/a><br \/>\n\u2022 <a href=\"\/es\/contact-us\/\">Agregar veh\u00edculo a la p\u00f3liza de autom\u00f3vil existente<\/a><br \/>\n\u2022 <a href=\"\/es\/contact-us\/\">Eliminar el controlador de la p\u00f3liza de autom\u00f3vil existente<\/a><br \/>\n\u2022 <a href=\"\/es\/contact-us\/\">Eliminar el veh\u00edculo de la p\u00f3liza de autom\u00f3vil existente<\/a><br \/>\n\u2022 <a href=\"\/es\/contact-us\/\">Solicite Declaraci\u00f3n y Coberturas para Cobertura de Seguro de Propietarios de Vivienda Existente<\/a><br \/>\n\u2022 <a href=\"\/es\/contact-us\/\">Solicitar P\u00e1gina de Declaraci\u00f3n y Coberturas para P\u00f3liza de Auto<\/a><br \/>\n\u2022 <a href=\"\/es\/contact-us\/\">Solicitar Certificado de Seguro de Responsabilidad General<\/a><br \/>\n\u2022 <a href=\"\/es\/contact-us\/\">Solicitar Tarjeta de Identificaci\u00f3n para P\u00f3liza de Auto<\/a><br \/>\n\u2022 <a href=\"\/es\/contact-us\/\">Enviar informaci\u00f3n de declaraci\u00f3n y coberturas al titular del gravamen<\/a><\/p>\n","protected":false},"excerpt":{"rendered":"<p>Formularios de atenci\u00f3n al cliente disponibles Servicio de autop\u00f3liza a cualquier hora del d\u00eda, directamente desde nuestra web. Para solicitar [&hellip;]<\/p>\n","protected":false},"author":35,"featured_media":0,"parent":0,"menu_order":0,"comment_status":"closed","ping_status":"closed","template":"","meta":{"_acf_changed":false,"_seopress_robots_primary_cat":null,"_seopress_titles_title":"","_seopress_titles_desc":"","_seopress_robots_index":"","_analytify_skip_tracking":false,"footnotes":""},"class_list":["post-767","page","type-page","status-publish","hentry"],"acf":[],"_links":{"self":[{"href":"https:\/\/www.myguardianinsurance.com\/es\/wp-json\/wp\/v2\/pages\/767","targetHints":{"allow":["GET"]}}],"collection":[{"href":"https:\/\/www.myguardianinsurance.com\/es\/wp-json\/wp\/v2\/pages"}],"about":[{"href":"https:\/\/www.myguardianinsurance.com\/es\/wp-json\/wp\/v2\/types\/page"}],"author":[{"embeddable":true,"href":"https:\/\/www.myguardianinsurance.com\/es\/wp-json\/wp\/v2\/users\/35"}],"replies":[{"embeddable":true,"href":"https:\/\/www.myguardianinsurance.com\/es\/wp-json\/wp\/v2\/comments?post=767"}],"version-history":[{"count":0,"href":"https:\/\/www.myguardianinsurance.com\/es\/wp-json\/wp\/v2\/pages\/767\/revisions"}],"wp:attachment":[{"href":"https:\/\/www.myguardianinsurance.com\/es\/wp-json\/wp\/v2\/media?parent=767"}],"curies":[{"name":"wp","href":"https:\/\/api.w.org\/{rel}","templated":true}]}}